{"id":8,"date":"2012-09-16T22:40:24","date_gmt":"2012-09-16T21:40:24","guid":{"rendered":"http:\/\/latopeli.net\/?page_id=8"},"modified":"2023-09-15T18:42:26","modified_gmt":"2023-09-15T16:42:26","slug":"vente-de-livres","status":"publish","type":"page","link":"http:\/\/latopeli.net\/?page_id=8","title":{"rendered":"PROCHAINES VENTES"},"content":{"rendered":"\n<ul class=\"wp-block-list\">\n<li>21 <mark style=\"background-color:rgba(0, 0, 0, 0)\" class=\"has-inline-color has-medium-pink-color\">septembre 2023<\/mark> de 9h \u00e0 17h \u00e0 l&rsquo;AULA du PALAIS UNIVERSITAIRE 1 Place de l&rsquo;Universit\u00e9 ALSATIQUES et LIVRES ANCIENS <\/li>\n\n\n\n<li>24 et 25 <mark style=\"background-color:rgba(0, 0, 0, 0)\" class=\"has-inline-color has-medium-pink-color\">octobre 2023<\/mark> Patio Unistra CAMPUS UNIVERSITAIRE de L&rsquo;ESPLANADE Litt\u00e9ratures, Psycho, Socio, Romans&#8230;<\/li>\n\n\n\n<li>28 et 29 <mark style=\"background-color:rgba(0, 0, 0, 0)\" class=\"has-inline-color has-medium-pink-color\">novembre 2023<\/mark> Aula du PALAIS UNIVERSITAIRE Religions, Histoire, Art &#8230;<\/li>\n\n\n\n<li>7 et 8 <mark style=\"background-color:rgba(0, 0, 0, 0)\" class=\"has-inline-color has-medium-pink-color\">d\u00e9cembre 2023<\/mark> Galerie commerciale PLACE des HALLES Livres pour enfants, Policiers, Romans, Cuisine, Biographies&#8230;<\/li>\n<\/ul>\n\n\n\n<p>Dans les mois \u00e0 venir les PASSEURS de LIVRES poursuivent l&rsquo;exp\u00e9rience du garnissage des <mark style=\"background-color:rgba(0, 0, 0, 0)\" class=\"has-inline-color has-medium-pink-color\">BOITES \u00e0 LIVRES<\/mark>.<\/p>\n\n\n\n<p><a href=\"http:\/\/latopeli.net\/\"><strong>RETOUR ACCUEIL<\/strong><\/a><\/p>\n","protected":false},"excerpt":{"rendered":"<p>Dans les mois \u00e0 venir les PASSEURS de LIVRES poursuivent l&rsquo;exp\u00e9rience du garnissage des BOITES \u00e0 LIVRES. RETOUR ACCUEIL<\/p>\n","protected":false},"author":1,"featured_media":0,"parent":0,"menu_order":0,"comment_status":"closed","ping_status":"closed","template":"","meta":{"footnotes":""},"class_list":["post-8","page","type-page","status-publish","hentry"],"_links":{"self":[{"href":"http:\/\/latopeli.net\/index.php?rest_route=\/wp\/v2\/pages\/8","targetHints":{"allow":["GET"]}}],"collection":[{"href":"http:\/\/latopeli.net\/index.php?rest_route=\/wp\/v2\/pages"}],"about":[{"href":"http:\/\/latopeli.net\/index.php?rest_route=\/wp\/v2\/types\/page"}],"author":[{"embeddable":true,"href":"http:\/\/latopeli.net\/index.php?rest_route=\/wp\/v2\/users\/1"}],"replies":[{"embeddable":true,"href":"http:\/\/latopeli.net\/index.php?rest_route=%2Fwp%2Fv2%2Fcomments&post=8"}],"version-history":[{"count":72,"href":"http:\/\/latopeli.net\/index.php?rest_route=\/wp\/v2\/pages\/8\/revisions"}],"predecessor-version":[{"id":2944,"href":"http:\/\/latopeli.net\/index.php?rest_route=\/wp\/v2\/pages\/8\/revisions\/2944"}],"wp:attachment":[{"href":"http:\/\/latopeli.net\/index.php?rest_route=%2Fwp%2Fv2%2Fmedia&parent=8"}],"curies":[{"name":"wp","href":"https:\/\/api.w.org\/{rel}","templated":true}]}}