{"id":6,"date":"2012-09-16T22:39:07","date_gmt":"2012-09-16T21:39:07","guid":{"rendered":"http:\/\/latopeli.net\/?page_id=6"},"modified":"2021-02-03T20:07:50","modified_gmt":"2021-02-03T18:07:50","slug":"dons-de-livres","status":"publish","type":"page","link":"http:\/\/latopeli.net\/?page_id=6","title":{"rendered":"DONS"},"content":{"rendered":"<p>Les livres, les partitions musicales, les timbres, les cartes postales et les disques peuvent \u00eatre d\u00e9pos\u00e9s<\/p>\n<ul>\n<li><strong><span style=\"color: #ff0000;\">A l\u2019entrep\u00f4t du Neuhof (Klebsau)<\/span><\/strong>. 5 rue Pierre Henri Lambert 67100 Strasbourg. De 9h \u00e0 17h lundi, mardi, jeudi et vendredi.<\/li>\n<li><strong><span style=\"color: #ff0000;\">A l&rsquo;antenne de la Meinau<\/span><\/strong>. 150 avenue de Colmar 67100 Strasbourg. De 9h \u00e0 17h mardi, jeudi et vendredi.<\/li>\n<li><strong><span style=\"color: #ff0000;\">A domicile<\/span><\/strong>. Nous pouvons nous d\u00e9placer pour un enl\u00e8vement \u00e0 votre domicile. Sur rendez-vous. Par message \u00e0 l&rsquo;adresse <a href=\"mailto:latopeli@spf67.org\" target=\"_blank\" rel=\"noopener noreferrer\"><span style=\"color: #00ccff;\"><span style=\"color: #ff00ff;\">latopeli@spf67.org<\/span><\/span><\/a><\/li>\n<\/ul>\n\n\n<p class=\"has-text-color\" style=\"color:#ba3fea\"><strong><span style=\"color: #ff00ff;\"><a href=\"http:\/\/latopeli.net\/\">RETOUR ACCUEIL<\/a><\/span><\/strong><\/p>\n","protected":false},"excerpt":{"rendered":"<p>Les livres, les partitions musicales, les timbres, les cartes postales et les disques peuvent \u00eatre d\u00e9pos\u00e9s A l\u2019entrep\u00f4t du Neuhof (Klebsau). 5 rue Pierre Henri Lambert 67100 Strasbourg. De 9h \u00e0 17h lundi, mardi, jeudi et vendredi. A l&rsquo;antenne de la Meinau. 150 avenue de Colmar 67100 Strasbourg. De 9h \u00e0 17h mardi, jeudi et &hellip; <a href=\"http:\/\/latopeli.net\/?page_id=6\" class=\"more-link\">Continuer la lecture de <span class=\"screen-reader-text\">DONS<\/span><\/a><\/p>\n","protected":false},"author":1,"featured_media":0,"parent":0,"menu_order":0,"comment_status":"closed","ping_status":"closed","template":"","meta":{"footnotes":""},"class_list":["post-6","page","type-page","status-publish","hentry"],"_links":{"self":[{"href":"http:\/\/latopeli.net\/index.php?rest_route=\/wp\/v2\/pages\/6","targetHints":{"allow":["GET"]}}],"collection":[{"href":"http:\/\/latopeli.net\/index.php?rest_route=\/wp\/v2\/pages"}],"about":[{"href":"http:\/\/latopeli.net\/index.php?rest_route=\/wp\/v2\/types\/page"}],"author":[{"embeddable":true,"href":"http:\/\/latopeli.net\/index.php?rest_route=\/wp\/v2\/users\/1"}],"replies":[{"embeddable":true,"href":"http:\/\/latopeli.net\/index.php?rest_route=%2Fwp%2Fv2%2Fcomments&post=6"}],"version-history":[{"count":25,"href":"http:\/\/latopeli.net\/index.php?rest_route=\/wp\/v2\/pages\/6\/revisions"}],"predecessor-version":[{"id":2796,"href":"http:\/\/latopeli.net\/index.php?rest_route=\/wp\/v2\/pages\/6\/revisions\/2796"}],"wp:attachment":[{"href":"http:\/\/latopeli.net\/index.php?rest_route=%2Fwp%2Fv2%2Fmedia&parent=6"}],"curies":[{"name":"wp","href":"https:\/\/api.w.org\/{rel}","templated":true}]}}