{"id":2007,"date":"2016-08-25T15:19:07","date_gmt":"2016-08-25T13:19:07","guid":{"rendered":"http:\/\/latopeli.net\/?page_id=2007"},"modified":"2021-02-10T21:20:47","modified_gmt":"2021-02-10T19:20:47","slug":"accueil","status":"publish","type":"page","link":"http:\/\/latopeli.net\/","title":{"rendered":"ACCUEIL"},"content":{"rendered":"\n<p>Bienvenue sur le site de La Toute Petite Librairie de la f\u00e9d\u00e9ration du Bas-Rhin du Secours Populaire Fran\u00e7ais. Nous sommes des PASSEURS de LIVRES. Nous recevons les dons de livres, de disques, de timbres, de CD et DVD. Apr\u00e8s tri nous les remettons en circulation. <\/p>\n\n\n<p>Laissez vous guider :<\/p>\n<p><a href=\"http:\/\/latopeli.net\/?page_id=2762\"><strong><span style=\"color: #ff00ff;\">ACTUALITES<\/span><\/strong><\/a> : pour l&rsquo;info sur nos activit\u00e9s r\u00e9centes<br>\n<strong><a href=\"http:\/\/latopeli.net\/?page_id=8\"><span style=\"color: #ff00ff;\">VENTES<\/span><\/a><\/strong> : pour le calendrier des ventes \u00e0 venir<br><strong><a href=\"http:\/\/latopeli.net\/?page_id=6\"><span style=\"color: #ff00ff;\">DONS<\/span><\/a><\/strong> : pour les modalit\u00e9s de d\u00e9p\u00f4t des dons<br><strong><a href=\"http:\/\/latopeli.net\/?page_id=12\"><span style=\"color: #ff00ff;\">CONTACTS<\/span><\/a><\/strong> : pour le dialogue avec les b\u00e9n\u00e9voles<br><strong><a href=\"http:\/\/latopeli.net\/?page_id=231\"><span style=\"color: #ff00ff;\">ASSOCIATION<\/span><\/a><\/strong> : pour l&rsquo;info sur qui nous sommes<br><strong><a href=\"https:\/\/www.facebook.com\/La-Toute-Petite-Librairie-335638006801670\/\"><span style=\"color: #ff00ff;\">LIEN VERS FACEBOOK<\/span><br><\/a><\/strong><\/p>","protected":false},"excerpt":{"rendered":"<p>Bienvenue sur le site de La Toute Petite Librairie de la f\u00e9d\u00e9ration du Bas-Rhin du Secours Populaire Fran\u00e7ais. Nous sommes des PASSEURS de LIVRES. Nous recevons les dons de livres, de disques, de timbres, de CD et DVD. Apr\u00e8s tri nous les remettons en circulation. Laissez vous guider : ACTUALITES : pour l&rsquo;info sur nos &hellip; <a href=\"http:\/\/latopeli.net\/\" class=\"more-link\">Continuer la lecture de <span class=\"screen-reader-text\">ACCUEIL<\/span><\/a><\/p>\n","protected":false},"author":2,"featured_media":0,"parent":0,"menu_order":0,"comment_status":"closed","ping_status":"closed","template":"","meta":{"footnotes":""},"class_list":["post-2007","page","type-page","status-publish","hentry"],"_links":{"self":[{"href":"http:\/\/latopeli.net\/index.php?rest_route=\/wp\/v2\/pages\/2007","targetHints":{"allow":["GET"]}}],"collection":[{"href":"http:\/\/latopeli.net\/index.php?rest_route=\/wp\/v2\/pages"}],"about":[{"href":"http:\/\/latopeli.net\/index.php?rest_route=\/wp\/v2\/types\/page"}],"author":[{"embeddable":true,"href":"http:\/\/latopeli.net\/index.php?rest_route=\/wp\/v2\/users\/2"}],"replies":[{"embeddable":true,"href":"http:\/\/latopeli.net\/index.php?rest_route=%2Fwp%2Fv2%2Fcomments&post=2007"}],"version-history":[{"count":72,"href":"http:\/\/latopeli.net\/index.php?rest_route=\/wp\/v2\/pages\/2007\/revisions"}],"predecessor-version":[{"id":2808,"href":"http:\/\/latopeli.net\/index.php?rest_route=\/wp\/v2\/pages\/2007\/revisions\/2808"}],"wp:attachment":[{"href":"http:\/\/latopeli.net\/index.php?rest_route=%2Fwp%2Fv2%2Fmedia&parent=2007"}],"curies":[{"name":"wp","href":"https:\/\/api.w.org\/{rel}","templated":true}]}}