{"id":12,"date":"2012-09-16T22:43:26","date_gmt":"2012-09-16T21:43:26","guid":{"rendered":"http:\/\/latopeli.net\/?page_id=12"},"modified":"2020-02-07T10:57:12","modified_gmt":"2020-02-07T08:57:12","slug":"contacts","status":"publish","type":"page","link":"http:\/\/latopeli.net\/?page_id=12","title":{"rendered":"CONTACT"},"content":{"rendered":"<p><strong>Pour \u00eatre inform\u00e9s :<\/strong><br \/>Pour recevoir les informations sur notre activit\u00e9\u00a0 inscrivez-vous \u00e0 la NEWSLETTER.<\/p>\n<p><strong>Pour nous contacter<\/strong><br \/>pour une question, un renseignement, une demande d&rsquo;enl\u00e8vement de livres, envoyez-nous un message \u00e0 l&rsquo;adresse :<\/p>\n<p><span style=\"color: #ff00ff;\"><a style=\"color: #ff00ff;\" href=\"mailto:latopeli@spf67.org\" target=\"_blank\" rel=\"noopener noreferrer\"><strong>latopeli@spf67.org<\/strong><\/a><\/span><\/p>\n<p>T\u00e9l 03 88 36 28 91<\/p>\n<p><a href=\"http:\/\/latopeli.net\/\"><strong><span style=\"color: #ff00ff;\">RETOUR ACCUEIL<\/span><\/strong><\/a><\/p>\n\n\n<p><\/p>\n","protected":false},"excerpt":{"rendered":"<p>Pour \u00eatre inform\u00e9s :Pour recevoir les informations sur notre activit\u00e9\u00a0 inscrivez-vous \u00e0 la NEWSLETTER. Pour nous contacterpour une question, un renseignement, une demande d&rsquo;enl\u00e8vement de livres, envoyez-nous un message \u00e0 l&rsquo;adresse : latopeli@spf67.org T\u00e9l 03 88 36 28 91 RETOUR ACCUEIL<\/p>\n","protected":false},"author":1,"featured_media":0,"parent":0,"menu_order":0,"comment_status":"closed","ping_status":"open","template":"","meta":{"footnotes":""},"class_list":["post-12","page","type-page","status-publish","hentry"],"_links":{"self":[{"href":"http:\/\/latopeli.net\/index.php?rest_route=\/wp\/v2\/pages\/12","targetHints":{"allow":["GET"]}}],"collection":[{"href":"http:\/\/latopeli.net\/index.php?rest_route=\/wp\/v2\/pages"}],"about":[{"href":"http:\/\/latopeli.net\/index.php?rest_route=\/wp\/v2\/types\/page"}],"author":[{"embeddable":true,"href":"http:\/\/latopeli.net\/index.php?rest_route=\/wp\/v2\/users\/1"}],"replies":[{"embeddable":true,"href":"http:\/\/latopeli.net\/index.php?rest_route=%2Fwp%2Fv2%2Fcomments&post=12"}],"version-history":[{"count":40,"href":"http:\/\/latopeli.net\/index.php?rest_route=\/wp\/v2\/pages\/12\/revisions"}],"predecessor-version":[{"id":2746,"href":"http:\/\/latopeli.net\/index.php?rest_route=\/wp\/v2\/pages\/12\/revisions\/2746"}],"wp:attachment":[{"href":"http:\/\/latopeli.net\/index.php?rest_route=%2Fwp%2Fv2%2Fmedia&parent=12"}],"curies":[{"name":"wp","href":"https:\/\/api.w.org\/{rel}","templated":true}]}}